{"id":1029,"date":"2021-02-03T09:49:53","date_gmt":"2021-02-03T09:49:53","guid":{"rendered":"https:\/\/www.leasambar.com\/conditio\/?page_id=1029"},"modified":"2022-12-28T18:03:53","modified_gmt":"2022-12-28T18:03:53","slug":"izbor-mojih-prispevkov","status":"publish","type":"page","link":"https:\/\/www.leasambar.com\/conditio\/izbor-mojih-prispevkov\/","title":{"rendered":"Izbor mojih prispevkov"},"content":{"rendered":"<div class=\"wp-block-image\">\n<figure class=\"aligncenter size-full\"><a href=\"https:\/\/www.leasambar.com\/conditio\/wp-content\/uploads\/2021\/02\/Slika-009.jpg\"><img loading=\"lazy\" decoding=\"async\" width=\"800\" height=\"533\" src=\"https:\/\/www.leasambar.com\/conditio\/wp-content\/uploads\/2021\/02\/Slika-009.jpg\" alt=\"\" class=\"wp-image-1030\" srcset=\"https:\/\/www.leasambar.com\/conditio\/wp-content\/uploads\/2021\/02\/Slika-009.jpg 800w, https:\/\/www.leasambar.com\/conditio\/wp-content\/uploads\/2021\/02\/Slika-009-300x200.jpg 300w, https:\/\/www.leasambar.com\/conditio\/wp-content\/uploads\/2021\/02\/Slika-009-768x512.jpg 768w\" sizes=\"auto, (max-width: 800px) 100vw, 800px\" \/><\/a><\/figure>\n<\/div>\n\n\n<p class=\"wp-block-paragraph\" id=\"block-baa992dd-e4d1-49ed-9c01-cdb4f6ae3ec1\"><a href=\"https:\/\/www.leasambar.com\/conditio\/rimski-navdih-vecnosti\/\"><br>Rimski navdih ve\u010dnosti<\/a> &#8211; Kot namigne \u017ee sam naslov, te nekatera potovanja povsem prevzamejo &#8211; lahko so nekaj izjemnega za du\u0161o, kar nas deloma tudi izoblikuje. Anti\u010dni svet je ustvaril, izna\u0161el in napisal marsikaj presenetljivega (centralno ogrevanje?!), kar si morda ne bi mislili, da je sploh mogo\u010de, saj so bila \u010dudesa 21. stoletja \u0161e dale\u010d. Ob anti\u010dnih stavbah se vse zdi tako \u017eivo &#8211; kot bi vetrc zapihljal v borovcih in blag vonj po citrusih o\u017eivi. Antika je vselej navdihovala umetnike, pisatelje in u\u017eivalce, med drugim tudi ustvarjalce di\u0161av in pisateljico Marguerite Yourcenar, ki je napisala eno od mojih najljub\u0161ih del, <em>Hadrijanove spomine<\/em>.<\/p>\n\n\n<div class=\"wp-block-image\">\n<figure class=\"aligncenter size-large\"><a href=\"https:\/\/www.leasambar.com\/conditio\/wp-content\/uploads\/2021\/02\/Header_Poe_Nadaljevanje_2.png\"><img loading=\"lazy\" decoding=\"async\" width=\"278\" height=\"222\" src=\"https:\/\/www.leasambar.com\/conditio\/wp-content\/uploads\/2021\/02\/Header_Poe_Nadaljevanje_2.png\" alt=\"\" class=\"wp-image-1045\"\/><\/a><\/figure>\n<\/div>\n\n\n<p class=\"wp-block-paragraph\" id=\"block-94af1c83-0748-42e7-8766-6b046fd2c67c\"><a href=\"https:\/\/www.leasambar.com\/conditio\/umetnost-stoicnega-zivljenja\/\">Umetnost stoi\u010dnega \u017eivljenja<\/a> &#8211; Nekaterih najve\u010djih lekcij so me nau\u010dile osebe, s katerimi si nisem tako blizu. Vsakdanje \u017eivljenje je vedno najve\u010dji u\u010ditelj in vir navdiha. Neko\u010d sem zapisala nek citat Gustava Flauberta iz knjige Juliana Barnesa &#8211; <em>Ljudje pravijo, da je \u017eivljenje tisto pravo; vendar mi je ljub\u0161e branje<\/em>. V <em>Umetnosti stoi\u010dnega \u017eivljenja<\/em> sicer ne govorim o leposlovju, vendar so me \u017eivljenski zapiski stoi\u010dnih filozofov navdahnili v prenekaterem trenutku. Morda se ne strinjam z vsem, kar stoiki u\u010dijo, je pa med njihovimi zapiski kar nekaj dragocenih in prakti\u010dnih naukov, s katerimi se lahko poistovetim.<\/p>\n\n\n<div class=\"wp-block-image\">\n<figure class=\"aligncenter size-large\"><a href=\"https:\/\/www.leasambar.com\/conditio\/wp-content\/uploads\/2021\/02\/Header_Poe_Nadaljevanje_3.png\"><img loading=\"lazy\" decoding=\"async\" width=\"278\" height=\"222\" src=\"https:\/\/www.leasambar.com\/conditio\/wp-content\/uploads\/2021\/02\/Header_Poe_Nadaljevanje_3.png\" alt=\"\" class=\"wp-image-1046\"\/><\/a><\/figure>\n<\/div>\n\n\n<p class=\"wp-block-paragraph\" id=\"block-20a2a3ce-7688-4698-92bd-5197c8267e0b\"><a href=\"https:\/\/www.leasambar.com\/conditio\/pescena-ura\/\">Pe\u0161\u010dena ura<\/a> &#8211; Moj dotik. \u017de od nekdaj pi\u0161em in pesnim. Ko \u017eelim svoje ob\u010dutke ubesediti, izlijem svoje srce na papir. \u010ceprav ne izbiram med najljub\u0161imi, si najraje preberem spontano napisano pesem, ki se posve\u010da vsebini. Zame je najlep\u0161a tista pesem, ki prihaja iz srca &#8211; ko enkrat zapi\u0161e\u0161 besede, jih nikar ne premlevaj. V <em>Pe\u0161\u010deni uri<\/em> razmi\u0161ljam o \u010dasu &#8211; ko se nekako ne znam organizirati in mi trenutki polzijo med prsti, dan pa kar hiti naprej.<\/p>\n\n\n<div class=\"wp-block-image\">\n<figure class=\"aligncenter size-large\"><a href=\"https:\/\/www.leasambar.com\/conditio\/wp-content\/uploads\/2021\/02\/Header_Poe_Nadaljevanje_4.png\"><img loading=\"lazy\" decoding=\"async\" width=\"278\" height=\"222\" src=\"https:\/\/www.leasambar.com\/conditio\/wp-content\/uploads\/2021\/02\/Header_Poe_Nadaljevanje_4.png\" alt=\"\" class=\"wp-image-1047\"\/><\/a><\/figure>\n<\/div>\n\n\n<p class=\"wp-block-paragraph\" id=\"block-ccc24614-2d8b-43f0-8440-52441f61fea0\"><a href=\"https:\/\/www.leasambar.com\/conditio\/poeticni-je-ne-sais-quoi\/\">Poeti\u010dni Je Ne Sais Quoi<\/a> &#8211; Obo\u017eujem romanti\u010dno poezijo in v <em>Poeti\u010dnem Je Ne Sais Quoi-ju <\/em>opevam Ovidijeve <em>Ljubezni<\/em> in sonete Williama Shakespearja. Romanti\u010dno pesni\u0161tvo ni pocukrano, je prelepo kot ptica, ki lahkotno leti pod oblaki ali kot reka, ki ne\u017eno valovi. Ovidij in Shakespeare sta pisala za du\u0161o in srce, in kot sem zapisala, je njuna poezija subtilna in deluje osve\u017eujo\u010de kot pihljanje sapice.<\/p>\n\n\n<div class=\"wp-block-image\">\n<figure class=\"aligncenter size-large\"><a href=\"https:\/\/www.leasambar.com\/conditio\/wp-content\/uploads\/2021\/02\/Header_Poe_Nadaljevanje_5.png\"><img loading=\"lazy\" decoding=\"async\" width=\"278\" height=\"222\" src=\"https:\/\/www.leasambar.com\/conditio\/wp-content\/uploads\/2021\/02\/Header_Poe_Nadaljevanje_5.png\" alt=\"\" class=\"wp-image-1048\"\/><\/a><\/figure>\n<\/div>\n\n\n<p class=\"wp-block-paragraph\" id=\"block-313c45a4-3daa-4b45-8605-434d62c134ea\"><a href=\"https:\/\/www.leasambar.com\/conditio\/vecerna-pesem\/\">Ve\u010derna pesem<\/a> &#8211; V\u010dasih mi je v jesenskem ve\u010deru tesno pri srcu, vendar v tej pesmi ne \u017eelim obupati, temve\u010d \u0161e naprej verjamem in upam v romantiko zvezdnega neba ter svojih sanj. Ko pomislim na breze, ki jih noro pogre\u0161am ali pa na klasje, ki valovi, se razne\u017eim. Naj pozitivni ob\u010dutki, \u010de je \u0161e tako te\u017eko, prevladajo nad negativnostjo.<\/p>\n\n\n<div class=\"wp-block-image\">\n<figure class=\"aligncenter size-large\"><a href=\"https:\/\/www.leasambar.com\/conditio\/wp-content\/uploads\/2021\/02\/Header_Poe_Nadaljevanje.png\"><img loading=\"lazy\" decoding=\"async\" width=\"278\" height=\"222\" src=\"https:\/\/www.leasambar.com\/conditio\/wp-content\/uploads\/2021\/02\/Header_Poe_Nadaljevanje.png\" alt=\"\" class=\"wp-image-1051\"\/><\/a><\/figure>\n<\/div>\n\n\n<p class=\"wp-block-paragraph\" id=\"block-68116449-18de-40fe-acd5-2646d5f28041\"><a href=\"https:\/\/www.leasambar.com\/conditio\/mini-spis-o-sreci\/\">Mini spis o sre\u010di<\/a> &#8211; Kaj je sploh sre\u010da? Zame sre\u010da ni kupljiva, toda gre za pojem, ki si ga vsak posameznik ali posameznica predstavlja po svoje. V spisu razmi\u0161ljam o pojmovanju sre\u010de, popolnosti in druga\u010dnosti. Mene je denimo vedno osre\u010devala misel na romantiko ali na morje &#8211; kako plujem z jadrnico in v srcu ne nosim te\u017ee.<\/p>\n","protected":false},"excerpt":{"rendered":"<p>Rimski navdih ve\u010dnosti &#8211; Kot namigne \u017ee sam naslov, te nekatera potovanja povsem prevzamejo &#8211; lahko so nekaj izjemnega za du\u0161o, kar nas deloma tudi izoblikuje. Anti\u010dni svet je ustvaril, izna\u0161el in napisal marsikaj presenetljivega (centralno ogrevanje?!), kar si morda ne bi mislili, da je sploh mogo\u010de, saj so bila \u010dudesa 21. stoletja \u0161e dale\u010d. [&hellip;]<\/p>\n","protected":false},"author":1,"featured_media":0,"parent":0,"menu_order":0,"comment_status":"closed","ping_status":"closed","template":"","meta":{"_crdt_document":"","footnotes":""},"class_list":["post-1029","page","type-page","status-publish","hentry","content-columns-1"],"yoast_head":"<!-- This site is optimized with the Yoast SEO plugin v27.5 - https:\/\/yoast.com\/product\/yoast-seo-wordpress\/ -->\n<title>Izbor mojih prispevkov - Pisma iz Mapasa<\/title>\n<meta name=\"robots\" content=\"index, follow, max-snippet:-1, max-image-preview:large, max-video-preview:-1\" \/>\n<link rel=\"canonical\" href=\"https:\/\/www.leasambar.com\/conditio\/izbor-mojih-prispevkov\/\" \/>\n<meta property=\"og:locale\" content=\"en_US\" \/>\n<meta property=\"og:type\" content=\"article\" \/>\n<meta property=\"og:title\" content=\"Izbor mojih prispevkov - Pisma iz Mapasa\" \/>\n<meta property=\"og:description\" content=\"Rimski navdih ve\u010dnosti &#8211; Kot namigne \u017ee sam naslov, te nekatera potovanja povsem prevzamejo &#8211; lahko so nekaj izjemnega za du\u0161o, kar nas deloma tudi izoblikuje. Anti\u010dni svet je ustvaril, izna\u0161el in napisal marsikaj presenetljivega (centralno ogrevanje?!), kar si morda ne bi mislili, da je sploh mogo\u010de, saj so bila \u010dudesa 21. stoletja \u0161e dale\u010d. [&hellip;]\" \/>\n<meta property=\"og:url\" content=\"https:\/\/www.leasambar.com\/conditio\/izbor-mojih-prispevkov\/\" \/>\n<meta property=\"og:site_name\" content=\"Pisma iz Mapasa\" \/>\n<meta property=\"article:modified_time\" content=\"2022-12-28T18:03:53+00:00\" \/>\n<meta property=\"og:image\" content=\"https:\/\/www.leasambar.com\/conditio\/wp-content\/uploads\/2021\/02\/Slika-009.jpg\" \/>\n<meta name=\"twitter:card\" content=\"summary_large_image\" \/>\n<meta name=\"twitter:label1\" content=\"Est. reading time\" \/>\n\t<meta name=\"twitter:data1\" content=\"4 minutes\" \/>\n<script type=\"application\/ld+json\" class=\"yoast-schema-graph\">{\"@context\":\"https:\\\/\\\/schema.org\",\"@graph\":[{\"@type\":\"WebPage\",\"@id\":\"https:\\\/\\\/www.leasambar.com\\\/conditio\\\/izbor-mojih-prispevkov\\\/\",\"url\":\"https:\\\/\\\/www.leasambar.com\\\/conditio\\\/izbor-mojih-prispevkov\\\/\",\"name\":\"Izbor mojih prispevkov - Pisma iz Mapasa\",\"isPartOf\":{\"@id\":\"https:\\\/\\\/www.leasambar.com\\\/conditio\\\/#website\"},\"primaryImageOfPage\":{\"@id\":\"https:\\\/\\\/www.leasambar.com\\\/conditio\\\/izbor-mojih-prispevkov\\\/#primaryimage\"},\"image\":{\"@id\":\"https:\\\/\\\/www.leasambar.com\\\/conditio\\\/izbor-mojih-prispevkov\\\/#primaryimage\"},\"thumbnailUrl\":\"https:\\\/\\\/www.leasambar.com\\\/conditio\\\/wp-content\\\/uploads\\\/2021\\\/02\\\/Slika-009.jpg\",\"datePublished\":\"2021-02-03T09:49:53+00:00\",\"dateModified\":\"2022-12-28T18:03:53+00:00\",\"breadcrumb\":{\"@id\":\"https:\\\/\\\/www.leasambar.com\\\/conditio\\\/izbor-mojih-prispevkov\\\/#breadcrumb\"},\"inLanguage\":\"en-US\",\"potentialAction\":[{\"@type\":\"ReadAction\",\"target\":[\"https:\\\/\\\/www.leasambar.com\\\/conditio\\\/izbor-mojih-prispevkov\\\/\"]}]},{\"@type\":\"ImageObject\",\"inLanguage\":\"en-US\",\"@id\":\"https:\\\/\\\/www.leasambar.com\\\/conditio\\\/izbor-mojih-prispevkov\\\/#primaryimage\",\"url\":\"https:\\\/\\\/www.leasambar.com\\\/conditio\\\/wp-content\\\/uploads\\\/2021\\\/02\\\/Slika-009.jpg\",\"contentUrl\":\"https:\\\/\\\/www.leasambar.com\\\/conditio\\\/wp-content\\\/uploads\\\/2021\\\/02\\\/Slika-009.jpg\",\"width\":800,\"height\":533,\"caption\":\"\u010cebela na marjetki, poletje\"},{\"@type\":\"BreadcrumbList\",\"@id\":\"https:\\\/\\\/www.leasambar.com\\\/conditio\\\/izbor-mojih-prispevkov\\\/#breadcrumb\",\"itemListElement\":[{\"@type\":\"ListItem\",\"position\":1,\"name\":\"Home\",\"item\":\"https:\\\/\\\/www.leasambar.com\\\/conditio\\\/\"},{\"@type\":\"ListItem\",\"position\":2,\"name\":\"Izbor mojih prispevkov\"}]},{\"@type\":\"WebSite\",\"@id\":\"https:\\\/\\\/www.leasambar.com\\\/conditio\\\/#website\",\"url\":\"https:\\\/\\\/www.leasambar.com\\\/conditio\\\/\",\"name\":\"Pisma iz Mapasa\",\"description\":\"\",\"potentialAction\":[{\"@type\":\"SearchAction\",\"target\":{\"@type\":\"EntryPoint\",\"urlTemplate\":\"https:\\\/\\\/www.leasambar.com\\\/conditio\\\/?s={search_term_string}\"},\"query-input\":{\"@type\":\"PropertyValueSpecification\",\"valueRequired\":true,\"valueName\":\"search_term_string\"}}],\"inLanguage\":\"en-US\"}]}<\/script>\n<!-- \/ Yoast SEO plugin. -->","yoast_head_json":{"title":"Izbor mojih prispevkov - Pisma iz Mapasa","robots":{"index":"index","follow":"follow","max-snippet":"max-snippet:-1","max-image-preview":"max-image-preview:large","max-video-preview":"max-video-preview:-1"},"canonical":"https:\/\/www.leasambar.com\/conditio\/izbor-mojih-prispevkov\/","og_locale":"en_US","og_type":"article","og_title":"Izbor mojih prispevkov - Pisma iz Mapasa","og_description":"Rimski navdih ve\u010dnosti &#8211; Kot namigne \u017ee sam naslov, te nekatera potovanja povsem prevzamejo &#8211; lahko so nekaj izjemnega za du\u0161o, kar nas deloma tudi izoblikuje. Anti\u010dni svet je ustvaril, izna\u0161el in napisal marsikaj presenetljivega (centralno ogrevanje?!), kar si morda ne bi mislili, da je sploh mogo\u010de, saj so bila \u010dudesa 21. stoletja \u0161e dale\u010d. [&hellip;]","og_url":"https:\/\/www.leasambar.com\/conditio\/izbor-mojih-prispevkov\/","og_site_name":"Pisma iz Mapasa","article_modified_time":"2022-12-28T18:03:53+00:00","og_image":[{"url":"https:\/\/www.leasambar.com\/conditio\/wp-content\/uploads\/2021\/02\/Slika-009.jpg","type":"","width":"","height":""}],"twitter_card":"summary_large_image","twitter_misc":{"Est. reading time":"4 minutes"},"schema":{"@context":"https:\/\/schema.org","@graph":[{"@type":"WebPage","@id":"https:\/\/www.leasambar.com\/conditio\/izbor-mojih-prispevkov\/","url":"https:\/\/www.leasambar.com\/conditio\/izbor-mojih-prispevkov\/","name":"Izbor mojih prispevkov - Pisma iz Mapasa","isPartOf":{"@id":"https:\/\/www.leasambar.com\/conditio\/#website"},"primaryImageOfPage":{"@id":"https:\/\/www.leasambar.com\/conditio\/izbor-mojih-prispevkov\/#primaryimage"},"image":{"@id":"https:\/\/www.leasambar.com\/conditio\/izbor-mojih-prispevkov\/#primaryimage"},"thumbnailUrl":"https:\/\/www.leasambar.com\/conditio\/wp-content\/uploads\/2021\/02\/Slika-009.jpg","datePublished":"2021-02-03T09:49:53+00:00","dateModified":"2022-12-28T18:03:53+00:00","breadcrumb":{"@id":"https:\/\/www.leasambar.com\/conditio\/izbor-mojih-prispevkov\/#breadcrumb"},"inLanguage":"en-US","potentialAction":[{"@type":"ReadAction","target":["https:\/\/www.leasambar.com\/conditio\/izbor-mojih-prispevkov\/"]}]},{"@type":"ImageObject","inLanguage":"en-US","@id":"https:\/\/www.leasambar.com\/conditio\/izbor-mojih-prispevkov\/#primaryimage","url":"https:\/\/www.leasambar.com\/conditio\/wp-content\/uploads\/2021\/02\/Slika-009.jpg","contentUrl":"https:\/\/www.leasambar.com\/conditio\/wp-content\/uploads\/2021\/02\/Slika-009.jpg","width":800,"height":533,"caption":"\u010cebela na marjetki, poletje"},{"@type":"BreadcrumbList","@id":"https:\/\/www.leasambar.com\/conditio\/izbor-mojih-prispevkov\/#breadcrumb","itemListElement":[{"@type":"ListItem","position":1,"name":"Home","item":"https:\/\/www.leasambar.com\/conditio\/"},{"@type":"ListItem","position":2,"name":"Izbor mojih prispevkov"}]},{"@type":"WebSite","@id":"https:\/\/www.leasambar.com\/conditio\/#website","url":"https:\/\/www.leasambar.com\/conditio\/","name":"Pisma iz Mapasa","description":"","potentialAction":[{"@type":"SearchAction","target":{"@type":"EntryPoint","urlTemplate":"https:\/\/www.leasambar.com\/conditio\/?s={search_term_string}"},"query-input":{"@type":"PropertyValueSpecification","valueRequired":true,"valueName":"search_term_string"}}],"inLanguage":"en-US"}]}},"_links":{"self":[{"href":"https:\/\/www.leasambar.com\/conditio\/wp-json\/wp\/v2\/pages\/1029","targetHints":{"allow":["GET"]}}],"collection":[{"href":"https:\/\/www.leasambar.com\/conditio\/wp-json\/wp\/v2\/pages"}],"about":[{"href":"https:\/\/www.leasambar.com\/conditio\/wp-json\/wp\/v2\/types\/page"}],"author":[{"embeddable":true,"href":"https:\/\/www.leasambar.com\/conditio\/wp-json\/wp\/v2\/users\/1"}],"replies":[{"embeddable":true,"href":"https:\/\/www.leasambar.com\/conditio\/wp-json\/wp\/v2\/comments?post=1029"}],"version-history":[{"count":4,"href":"https:\/\/www.leasambar.com\/conditio\/wp-json\/wp\/v2\/pages\/1029\/revisions"}],"predecessor-version":[{"id":1432,"href":"https:\/\/www.leasambar.com\/conditio\/wp-json\/wp\/v2\/pages\/1029\/revisions\/1432"}],"wp:attachment":[{"href":"https:\/\/www.leasambar.com\/conditio\/wp-json\/wp\/v2\/media?parent=1029"}],"curies":[{"name":"wp","href":"https:\/\/api.w.org\/{rel}","templated":true}]}}